{"id":10485,"date":"2024-12-15T20:28:16","date_gmt":"2024-12-15T20:28:16","guid":{"rendered":"https:\/\/europamart.com\/?post_type=product&#038;p=10485"},"modified":"2025-02-16T19:52:33","modified_gmt":"2025-02-16T19:52:33","slug":"casque-sans-fil-actif-skullcandy-push-anc","status":"publish","type":"product","link":"https:\/\/europamart.com\/fr\/produit\/casque-sans-fil-actif-skullcandy-push-anc\/","title":{"rendered":"Casque sans fil actif Skullcandy Push\u00ae ANC"},"content":{"rendered":"<p><strong>Caract\u00e9ristiques cl\u00e9s :<\/strong><br \/>\n<strong>Suppression active du bruit (ANC) :<\/strong><br \/>\nCette fonctionnalit\u00e9 \u00e9limine les bruits environnants et offre une exp\u00e9rience claire et concentr\u00e9e de la musique ou des conversations.<\/p>\n<p><strong>Mode transparence :<\/strong><br \/>\nPossibilit\u00e9 d&rsquo;entendre les sons environnants sans retirer les \u00e9couteurs, pour plus de s\u00e9curit\u00e9 et de confort.<\/p>\n<p><strong>Conception r\u00e9sistante et adapt\u00e9e au sport :<\/strong><br \/>\nAvec une certification de r\u00e9sistance \u00e0 l&rsquo;humidit\u00e9 et \u00e0 la sueur (IP55), ces \u00e9couteurs sont adapt\u00e9s aux sports intensifs et \u00e0 diverses conditions environnementales.<\/p>\n<p><strong>Autonomie exceptionnelle :<\/strong><br \/>\nJusqu&rsquo;\u00e0 44 heures de lecture musicale avec l\u2019\u00e9tui de charge (10 heures dans les \u00e9couteurs + 34 heures avec l\u2019\u00e9tui). \u00c9galement \u00e9quip\u00e9e d&rsquo;une fonction de charge rapide permettant 4 heures d&rsquo;utilisation avec seulement 10 minutes de charge.<\/p>\n<p><strong>Contr\u00f4les vocaux mains libres :<\/strong><br \/>\nAvec des commandes vocales, vous pouvez contr\u00f4ler la musique, les appels et les param\u00e8tres de suppression du bruit sans toucher.<\/p>\n<p><strong>Support Tile\u2122 :<\/strong><br \/>\nPossibilit\u00e9 de localiser les \u00e9couteurs via l&rsquo;application Tile en cas de perte.<\/p>\n<p><strong>Qualit\u00e9 sonore exceptionnelle :<\/strong><br \/>\nDes drivers puissants et des technologies audio exclusives de Skullcandy offrent une exp\u00e9rience claire, avec des basses fortes et \u00e9quilibr\u00e9es.<\/p>\n<p><strong>Connexion stable et rapide :<\/strong><br \/>\n\u00c9quip\u00e9s de Bluetooth 5.2 pour une connexion rapide et sans coupure \u00e0 divers appareils.<\/p>\n<p><strong>Conception ergonomique avec crochets d&rsquo;oreille :<\/strong><br \/>\nLes crochets d&rsquo;oreille flexibles assurent la stabilit\u00e9 et le confort lors d&rsquo;une utilisation prolong\u00e9e, m\u00eame pendant des activit\u00e9s sportives intenses.<\/p>\n<p><strong>Convient pour :<\/strong><br \/>\nLes sportifs et les utilisateurs actifs \u00e0 la recherche d&rsquo;\u00e9couteurs r\u00e9sistants et performants.<br \/>\nCeux qui attachent de l&rsquo;importance \u00e0 la suppression du bruit et \u00e0 la qualit\u00e9 sonore \u00e9lev\u00e9e dans leur utilisation quotidienne ou pendant le sport.<\/p>\n<p>Le Skullcandy Push\u00ae Active ANC est un compagnon id\u00e9al pour les activit\u00e9s quotidiennes et sportives, alliant des fonctionnalit\u00e9s avanc\u00e9es \u00e0 un design convivial.<\/p>\n","protected":false},"excerpt":{"rendered":"<p>Les \u00e9couteurs sans fil Skullcandy mod\u00e8le Push\u00ae Active ANC sont des \u00e9couteurs avanc\u00e9s et puissants, con\u00e7us pour offrir un son de haute qualit\u00e9 et des fonctionnalit\u00e9s pratiques pour les athl\u00e8tes et les utilisateurs actifs. Ces \u00e9couteurs allient caract\u00e9ristiques modernes, design robuste et capacit\u00e9s intelligentes<\/p>\n","protected":false},"featured_media":0,"template":"","meta":[],"product_brand":[214],"product_cat":[164],"product_tag":[],"class_list":{"0":"post-10485","1":"product","2":"type-product","3":"status-publish","5":"product_brand-skullcandy","6":"product_cat-make-up","8":"first","9":"outofstock","10":"shipping-taxable","11":"purchasable","12":"product-type-variable"},"_links":{"self":[{"href":"https:\/\/europamart.com\/fr\/wp-json\/wp\/v2\/product\/10485","targetHints":{"allow":["GET"]}}],"collection":[{"href":"https:\/\/europamart.com\/fr\/wp-json\/wp\/v2\/product"}],"about":[{"href":"https:\/\/europamart.com\/fr\/wp-json\/wp\/v2\/types\/product"}],"version-history":[{"count":3,"href":"https:\/\/europamart.com\/fr\/wp-json\/wp\/v2\/product\/10485\/revisions"}],"predecessor-version":[{"id":10491,"href":"https:\/\/europamart.com\/fr\/wp-json\/wp\/v2\/product\/10485\/revisions\/10491"}],"wp:attachment":[{"href":"https:\/\/europamart.com\/fr\/wp-json\/wp\/v2\/media?parent=10485"}],"wp:term":[{"taxonomy":"product_brand","embeddable":true,"href":"https:\/\/europamart.com\/fr\/wp-json\/wp\/v2\/product_brand?post=10485"},{"taxonomy":"product_cat","embeddable":true,"href":"https:\/\/europamart.com\/fr\/wp-json\/wp\/v2\/product_cat?post=10485"},{"taxonomy":"product_tag","embeddable":true,"href":"https:\/\/europamart.com\/fr\/wp-json\/wp\/v2\/product_tag?post=10485"}],"curies":[{"name":"wp","href":"https:\/\/api.w.org\/{rel}","templated":true}]}}