{"id":10487,"date":"2024-12-15T20:28:16","date_gmt":"2024-12-15T20:28:16","guid":{"rendered":"https:\/\/europamart.com\/?post_type=product&#038;p=10487"},"modified":"2025-02-16T19:52:58","modified_gmt":"2025-02-16T19:52:58","slug":"kabellose-kopfhoerer-skullcandy-modell-push-anc-active","status":"publish","type":"product","link":"https:\/\/europamart.com\/de\/produkt\/kabellose-kopfhoerer-skullcandy-modell-push-anc-active\/","title":{"rendered":"Kabellose Kopfh\u00f6rer Skullcandy Modell Push\u00ae ANC Active"},"content":{"rendered":"<p><strong>Schl\u00fcsselfunktionen:<\/strong><\/p>\n<p><strong>Aktive Ger\u00e4uschunterdr\u00fcckung (ANC):<\/strong><br \/>\nDiese Funktion entfernt st\u00f6rende Umgebungsger\u00e4usche und bietet ein klares und konzentriertes Erlebnis beim Musikh\u00f6ren oder Telefonieren.<\/p>\n<p><strong>Transparenzmodus (Ambient Mode):<\/strong><br \/>\nErm\u00f6glicht das H\u00f6ren von Umgebungsger\u00e4uschen, ohne die Kopfh\u00f6rer abzunehmen, f\u00fcr mehr Sicherheit und Komfort.<\/p>\n<p><strong>Wasser- und schwei\u00dfresistentes Design:<\/strong><br \/>\nMit einer IP55-Zertifizierung ist dieser Earbud f\u00fcr intensives Training und verschiedene Umgebungsbedingungen geeignet.<\/p>\n<p><strong>Au\u00dfergew\u00f6hnliche Akkulaufzeit:<\/strong><br \/>\nBis zu 44 Stunden Musikwiedergabe mit dem Ladecase (10 Stunden in den Earbuds + 34 Stunden mit dem Case). Au\u00dferdem verf\u00fcgt er \u00fcber eine Schnellladefunktion, die mit 10 Minuten Ladezeit 4 Stunden Nutzung erm\u00f6glicht.<\/p>\n<p><strong>Freisprech-Sprachsteuerung:<\/strong><br \/>\nMit Sprachbefehlen k\u00f6nnen Sie Musik, Anrufe und Ger\u00e4uschunterdr\u00fcckungseinstellungen steuern, ohne ber\u00fchren zu m\u00fcssen.<\/p>\n<p><strong>Unterst\u00fctzung f\u00fcr Tile\u2122:<\/strong><br \/>\nM\u00f6glichkeit, die Kopfh\u00f6rer \u00fcber die Tile-App zu verfolgen, falls sie verloren gehen.<\/p>\n<p><strong>Atemberaubende Klangqualit\u00e4t:<\/strong><br \/>\nLeistungsstarke Treiber und exklusive Audiotechnologien von Skullcandy bieten ein klares Erlebnis mit starkem und ausgewogenem Bass.<\/p>\n<p><strong>Stabile und schnelle Verbindung:<\/strong><br \/>\nAusgestattet mit Bluetooth 5.2 f\u00fcr eine schnelle und unterbrechungsfreie Verbindung mit verschiedenen Ger\u00e4ten.<\/p>\n<p><strong>Ergonomisches Design mit Ohrhaken:<\/strong><br \/>\nFlexible Ohrhaken sorgen f\u00fcr Stabilit\u00e4t und Komfort bei l\u00e4ngerer Nutzung, selbst bei intensiven sportlichen Aktivit\u00e4ten.<\/p>\n<hr \/>\n<p><strong>Geeignet f\u00fcr:<\/strong><br \/>\nSportler und aktive Nutzer, die nach einem robusten Kopfh\u00f6rer mit starker Leistung suchen.<br \/>\nF\u00fcr diejenigen, die Wert auf Ger\u00e4uschunterdr\u00fcckung und hohe Klangqualit\u00e4t im Alltag oder beim Sport legen.<\/p>\n<p>Die Skullcandy Push\u00ae Active ANC ist ein idealer Begleiter f\u00fcr den Alltag und sportliche Aktivit\u00e4ten, der fortschrittliche Funktionen mit benutzerfreundlichem Design verbindet.<\/p>\n","protected":false},"excerpt":{"rendered":"<p>Die kabellosen Kopfh\u00f6rer Skullcandy Modell Push\u00ae Active ANC sind ein fortschrittlicher und leistungsstarker Earbud, der darauf ausgelegt ist, hochwertigen Sound und praktische Funktionen f\u00fcr Sportler und aktive Nutzer zu bieten. Diese Kopfh\u00f6rer kombinieren moderne Merkmale, ein robustes Design und intelligente Funktionen<\/p>\n","protected":false},"featured_media":0,"template":"","meta":[],"product_brand":[214],"product_cat":[164],"product_tag":[],"class_list":{"0":"post-10487","1":"product","2":"type-product","3":"status-publish","5":"product_brand-skullcandy","6":"product_cat-make-up","8":"first","9":"outofstock","10":"shipping-taxable","11":"purchasable","12":"product-type-variable"},"_links":{"self":[{"href":"https:\/\/europamart.com\/de\/wp-json\/wp\/v2\/product\/10487","targetHints":{"allow":["GET"]}}],"collection":[{"href":"https:\/\/europamart.com\/de\/wp-json\/wp\/v2\/product"}],"about":[{"href":"https:\/\/europamart.com\/de\/wp-json\/wp\/v2\/types\/product"}],"version-history":[{"count":2,"href":"https:\/\/europamart.com\/de\/wp-json\/wp\/v2\/product\/10487\/revisions"}],"predecessor-version":[{"id":10492,"href":"https:\/\/europamart.com\/de\/wp-json\/wp\/v2\/product\/10487\/revisions\/10492"}],"wp:attachment":[{"href":"https:\/\/europamart.com\/de\/wp-json\/wp\/v2\/media?parent=10487"}],"wp:term":[{"taxonomy":"product_brand","embeddable":true,"href":"https:\/\/europamart.com\/de\/wp-json\/wp\/v2\/product_brand?post=10487"},{"taxonomy":"product_cat","embeddable":true,"href":"https:\/\/europamart.com\/de\/wp-json\/wp\/v2\/product_cat?post=10487"},{"taxonomy":"product_tag","embeddable":true,"href":"https:\/\/europamart.com\/de\/wp-json\/wp\/v2\/product_tag?post=10487"}],"curies":[{"name":"wp","href":"https:\/\/api.w.org\/{rel}","templated":true}]}}